{"id":133,"date":"2024-02-16T16:53:59","date_gmt":"2024-02-16T16:53:59","guid":{"rendered":"https:\/\/bitgauss.com\/?page_id=133"},"modified":"2024-04-19T10:24:18","modified_gmt":"2024-04-19T10:24:18","slug":"pagina-inicial","status":"publish","type":"page","link":"https:\/\/bitgauss.com\/pt-pt\/","title":{"rendered":"Homepage"},"content":{"rendered":"\n<div class='trade__list'>\n      <ul>\n        <li class=\"trade__item\">\n          <div class=\"trade__itm\">\n          <div>\n            <img src='\/wp-content\/themes\/twentytwentyone\/assets\/img\/trading\/stock_trading.svg' \/>\n          <\/div>\n          <div><h3 id=\"negociacao-de-acoes\"> Negocia\u00e7\u00e3o de a\u00e7\u00f5es <\/h3> <p> Invista em empresas l\u00edderes e aproveite oportunidades de mercado.<\/p><\/div>\n          <\/div>\n        <\/li>\n        <li class=\"trade__item\">\n          <div class=\"trade__itm\">\n          <div>\n            <img src='\/wp-content\/themes\/twentytwentyone\/assets\/img\/trading\/forexs.svg' \/>\n          <\/div>\n          <div><h3 id=\"negociacao-forex\"> Negocia\u00e7\u00e3o Forex <\/h3> <p> Negocie moedas globais e lucre com as flutua\u00e7\u00f5es das taxas de c\u00e2mbio.<\/p><\/div>\n          <\/div>\n        <\/li>\n        <li class=\"trade__item\">\n          <div class=\"trade__itm\">\n          <div>\n            <img src='\/wp-content\/themes\/twentytwentyone\/assets\/img\/trading\/commodities.svg' \/>\n          <\/div>\n          <div><h3 id=\"negociacao-de-commodities\"> Negocia\u00e7\u00e3o de commodities <\/h3> <p> Diversificar com ouro, petr\u00f3leo e produtos agr\u00edcolas.<\/p><\/div>\n          <\/div>\n        <\/li>\n        <li class=\"trade__item\">\n          <div class=\"trade__itm\">\n          <div>\n            <img src='\/wp-content\/themes\/twentytwentyone\/assets\/img\/trading\/stocks.svg' \/>\n          <\/div>\n          <div><h3 id=\"indices-de-acoes\"> \u00cdndices de a\u00e7\u00f5es <\/h3> <p> Acompanhe o desempenho do mercado com \u00edndices de a\u00e7\u00f5es.<\/p><\/div>\n          <\/div>\n        <\/li>\n        <li class=\"trade__item\">\n          <div class=\"trade__itm\">\n          <div>\n            <img src='\/wp-content\/themes\/twentytwentyone\/assets\/img\/trading\/crypto.svg' \/>\n          <\/div>\n          <div><h3 id=\"negociacao-de-criptomoedas\"> Negocia\u00e7\u00e3o de criptomoedas <\/h3> <p> Explore criptomoedas como Bitcoin e Ethereum.<\/p><\/div>\n          <\/div>\n        <\/li>\n        <li class=\"trade__item\">\n         <div class='trade__itm'>\n          <div>\n              <img src='\/wp-content\/themes\/twentytwentyone\/assets\/img\/trading\/bonds.svg' \/>\n            <\/div>\n            <div><h3 id=\"negociacao-de-titulos\"> Negocia\u00e7\u00e3o de t\u00edtulos <\/h3> <p> Invista em t\u00edtulos para obter retornos est\u00e1veis.<\/p><\/div>\n         <\/div>\n        <\/li>\n      <\/ul>\n      <div class='btn_wrap'>\n        <button class=\"regBtn\">\n          Comece a negociar agora\n        <\/button>\n      <\/div>\n    <\/div>\n\n\n\n<div class=\"cc_medium faq__list\">\n    <div class=\"ag-format-container\">\n      <div class=\"ag-faq_list\">\n        <div class=\"ag-faq_item\">\n          <div class=\"js-ag-faq_title \">\n            <div class=\"faq__childTitle\">\n              O que \u00e9 BitGauss?\n              <span class=\"icon\">\n                <img src='\/wp-content\/themes\/twentytwentyone\/assets\/img\/faq\/arrow.svg' alt=\"FAQ\">\n              <\/span>\n            <\/div>\n          <\/div>\n\n          <div class=\"js-ag-faq_text js-ag-hide\">\n          Descubra o BitGauss, uma plataforma de negocia\u00e7\u00e3o on-line de primeira linha que oferece acesso a uma ampla variedade de instrumentos financeiros, incluindo a\u00e7\u00f5es, forex, commodities, \u00edndices e criptomoedas. Saiba como a BitGauss capacita os traders com ferramentas e recursos inovadores para o sucesso.\n          <\/div>\n        <\/div>\n\n        <div class=\"ag-faq_item\"> \n          <div class=\"js-ag-faq_title opened\">\n          <div class=\"faq__childTitle\">\n            O BitGauss \u00e9 regulamentado?\n            <span class=\"icon\">\n              <img src='\/wp-content\/themes\/twentytwentyone\/assets\/img\/faq\/arrow.svg' alt=\"FAQ\">\n            <\/span>\n            <\/div>\n          <\/div>\n\n          <div class=\"js-ag-faq_text \">\n            Sim, a BitGauss opera sob estrita supervis\u00e3o regulat\u00f3ria, garantindo a conformidade com os padr\u00f5es da ind\u00fastria. Saiba mais sobre o compromisso da BitGauss com transpar\u00eancia, seguran\u00e7a e conformidade regulat\u00f3ria.\n          <\/div>\n        <\/div>\n\n        <div class=\"ag-faq_item\">\n          <div class=\"js-ag-faq_title\">\n          <div class=\"faq__childTitle\">\n            Como abro uma conta no BitGauss?\n            <span class=\"icon\">\n              <img src='\/wp-content\/themes\/twentytwentyone\/assets\/img\/faq\/arrow.svg' alt=\"FAQ\">\n            <\/span>\n          <\/div>\n          <\/div>\n\n          <div class=\"js-ag-faq_text js-ag-hide\">\n            Explore as etapas simples para abrir uma conta na BitGauss e iniciar sua jornada comercial. Saiba mais sobre registro de conta, processos de verifica\u00e7\u00e3o e op\u00e7\u00f5es de financiamento de conta.\n          <\/div>\n        <\/div>\n\n        <div class=\"ag-faq_item\">\n          <div class=\"js-ag-faq_title\">\n          <div class=\"faq__childTitle\">\n            Quais instrumentos de negocia\u00e7\u00e3o est\u00e3o dispon\u00edveis no BitGauss?\n            <span class=\"icon\">\n              <img src='\/wp-content\/themes\/twentytwentyone\/assets\/img\/faq\/arrow.svg' alt=\"FAQ\">\n            <\/span>\n          <\/div>\n          <\/div>\n\n          <div class=\"js-ag-faq_text js-ag-hide\">\n            Descubra a extensa gama de instrumentos de negocia\u00e7\u00e3o dispon\u00edveis no BitGauss, incluindo a\u00e7\u00f5es, forex, commodities, \u00edndices e criptomoedas. Explore a diversidade de ativos e oportunidades para diversifica\u00e7\u00e3o de portf\u00f3lio.\n          <\/div>\n        <\/div>\n\n        <div class=\"ag-faq_item\">\n          <div class=\"js-ag-faq_title\">\n            <div class=\"faq__childTitle\">\n            Como posso depositar fundos na minha conta BitGauss?\n            <span class=\"icon\">\n              <img src='\/wp-content\/themes\/twentytwentyone\/assets\/img\/faq\/arrow.svg' alt=\"FAQ\">\n            <\/span>\n          <\/div>\n          <\/div>\n          <div class=\"js-ag-faq_text js-ag-hide\">\n            Aprenda sobre os m\u00e9todos de dep\u00f3sito convenientes oferecidos pela BitGauss, incluindo transfer\u00eancias banc\u00e1rias, cart\u00f5es de cr\u00e9dito\/d\u00e9bito e carteiras eletr\u00f4nicas. Descubra como depositar fundos de forma segura e eficiente em sua conta de negocia\u00e7\u00e3o.\n          <\/div>\n        <\/div>\n        <div class=\"ag-faq_item\">\n          <div class=\"js-ag-faq_title\">\n          <div class=\"faq__childTitle\">\n            Que tipo de suporte o BitGauss oferece?\n            <span class=\"icon\">\n              <img src='\/wp-content\/themes\/twentytwentyone\/assets\/img\/faq\/arrow.svg' alt=\"FAQ\">\n            <\/span>\n          <\/div>\n          <\/div>\n\n          <div class=\"js-ag-faq_text js-ag-hide\">\n            Explore o compromisso da BitGauss com suporte excepcional ao cliente, dispon\u00edvel 24 horas por dia, 7 dias por semana, via chat ao vivo, e-mail e telefone. Descubra como nossa experiente equipe de suporte garante uma experi\u00eancia de negocia\u00e7\u00e3o perfeita e satisfat\u00f3ria para nossos usu\u00e1rios.\n          <\/div>\n        <\/div>\n      <\/div>\n    <\/div>\n  <\/div>\n","protected":false},"excerpt":{"rendered":"<p>Negocia\u00e7\u00e3o de a\u00e7\u00f5es Invista em empresas l\u00edderes e aproveite oportunidades de mercado. Negocia\u00e7\u00e3o Forex Negocie moedas globais e lucre com as flutua\u00e7\u00f5es das taxas de c\u00e2mbio. Negocia\u00e7\u00e3o de commodities Diversificar com ouro, petr\u00f3leo e produtos agr\u00edcolas. \u00cdndices de a\u00e7\u00f5es Acompanhe o desempenho do mercado com \u00edndices de a\u00e7\u00f5es. Negocia\u00e7\u00e3o de criptomoedas Explore criptomoedas como Bitcoin&hellip; <a class=\"more-link\" href=\"https:\/\/bitgauss.com\/pt-pt\/\">Continue a ler <span class=\"screen-reader-text\">Homepage<\/span><\/a><\/p>\n","protected":false},"author":1,"featured_media":0,"parent":0,"menu_order":0,"comment_status":"closed","ping_status":"closed","template":"homepage.php","meta":{"_acf_changed":false,"footnotes":""},"acf":{"herotext":"A Op\u00e7\u00e3o de Negocia\u00e7\u00e3o Confi\u00e1vel.","herosub":""},"_links":{"self":[{"href":"https:\/\/bitgauss.com\/pt-pt\/wp-json\/wp\/v2\/pages\/133"}],"collection":[{"href":"https:\/\/bitgauss.com\/pt-pt\/wp-json\/wp\/v2\/pages"}],"about":[{"href":"https:\/\/bitgauss.com\/pt-pt\/wp-json\/wp\/v2\/types\/page"}],"author":[{"embeddable":true,"href":"https:\/\/bitgauss.com\/pt-pt\/wp-json\/wp\/v2\/users\/1"}],"replies":[{"embeddable":true,"href":"https:\/\/bitgauss.com\/pt-pt\/wp-json\/wp\/v2\/comments?post=133"}],"version-history":[{"count":2,"href":"https:\/\/bitgauss.com\/pt-pt\/wp-json\/wp\/v2\/pages\/133\/revisions"}],"predecessor-version":[{"id":755,"href":"https:\/\/bitgauss.com\/pt-pt\/wp-json\/wp\/v2\/pages\/133\/revisions\/755"}],"wp:attachment":[{"href":"https:\/\/bitgauss.com\/pt-pt\/wp-json\/wp\/v2\/media?parent=133"}],"curies":[{"name":"wp","href":"https:\/\/api.w.org\/{rel}","templated":true}]}}