{"id":74,"date":"2024-02-16T16:53:59","date_gmt":"2024-02-16T16:53:59","guid":{"rendered":"https:\/\/bitgauss.com\/?page_id=74"},"modified":"2024-04-19T10:19:04","modified_gmt":"2024-04-19T10:19:04","slug":"pagina-de-inicio","status":"publish","type":"page","link":"https:\/\/bitgauss.com\/es\/","title":{"rendered":"Homepage"},"content":{"rendered":"\n<div class='trade__list'>\n      <ul>\n        <li class=\"trade__item\">\n          <div class=\"trade__itm\">\n          <div>\n            <img src='\/wp-content\/themes\/twentytwentyone\/assets\/img\/trading\/stock_trading.svg' \/>\n          <\/div>\n          <div><h3 id=\"negociacion-de-acciones\"> Negociaci\u00f3n de acciones <\/h3> <p> Invierta en empresas l\u00edderes y aproveche las oportunidades del mercado.<\/p><\/div>\n          <\/div>\n        <\/li>\n        <li class=\"trade__item\">\n          <div class=\"trade__itm\">\n          <div>\n            <img src='\/wp-content\/themes\/twentytwentyone\/assets\/img\/trading\/forexs.svg' \/>\n          <\/div>\n          <div><h3 id=\"comercio-de-divisas\"> Comercio de divisas <\/h3> <p> Opere con divisas globales y aproveche las fluctuaciones del tipo de cambio.<\/p><\/div>\n          <\/div>\n        <\/li>\n        <li class=\"trade__item\">\n          <div class=\"trade__itm\">\n          <div>\n            <img src='\/wp-content\/themes\/twentytwentyone\/assets\/img\/trading\/commodities.svg' \/>\n          <\/div>\n          <div><h3 id=\"comercio-de-materias-primas\"> Comercio de materias primas <\/h3> <p> Diversificarse con oro, petr\u00f3leo y productos agr\u00edcolas.<\/p><\/div>\n          <\/div>\n        <\/li>\n        <li class=\"trade__item\">\n          <div class=\"trade__itm\">\n          <div>\n            <img src='\/wp-content\/themes\/twentytwentyone\/assets\/img\/trading\/stocks.svg' \/>\n          <\/div>\n          <div><h3 id=\"indices-bursatiles\"> \u00cdndices burs\u00e1tiles <\/h3> <p> Realice un seguimiento del rendimiento del mercado con \u00edndices burs\u00e1tiles.<\/p><\/div>\n          <\/div>\n        <\/li>\n        <li class=\"trade__item\">\n          <div class=\"trade__itm\">\n          <div>\n            <img src='\/wp-content\/themes\/twentytwentyone\/assets\/img\/trading\/crypto.svg' \/>\n          <\/div>\n          <div><h3 id=\"comercio-de-criptomonedas\"> Comercio de criptomonedas <\/h3> <p> Explora criptomonedas como Bitcoin y Ethereum.<\/p><\/div>\n          <\/div>\n        <\/li>\n        <li class=\"trade__item\">\n         <div class='trade__itm'>\n          <div>\n              <img src='\/wp-content\/themes\/twentytwentyone\/assets\/img\/trading\/bonds.svg' \/>\n            <\/div>\n            <div><h3 id=\"negociacion-de-bonos\"> Negociaci\u00f3n de bonos<\/h3> <p> Invierta en bonos para obtener rendimientos constantes.<\/p><\/div>\n         <\/div>\n        <\/li>\n      <\/ul>\n      <div class='btn_wrap'>\n        <button class=\"regBtn\">\n          Comience a operar ahora\n        <\/button>\n      <\/div>\n    <\/div>\n\n\n\n<div class=\"cc_medium faq__list\">\n    <div class=\"ag-format-container\">\n      <div class=\"ag-faq_list\">\n        <div class=\"ag-faq_item\">\n          <div class=\"js-ag-faq_title \">\n            <div class=\"faq__childTitle\">\n              \u00bfQu\u00e9 es BitGauss?\n              <span class=\"icon\">\n                <img src='\/wp-content\/themes\/twentytwentyone\/assets\/img\/faq\/arrow.svg' alt=\"FAQ\">\n              <\/span>\n            <\/div>\n          <\/div>\n\n          <div class=\"js-ag-faq_text js-ag-hide\">\n          Descubra BitGauss, una plataforma de comercio en l\u00ednea de primer nivel que ofrece acceso a una amplia gama de instrumentos financieros, incluidas acciones, divisas, materias primas, \u00edndices y criptomonedas. Descubra c\u00f3mo BitGauss brinda a los operadores herramientas y recursos innovadores para lograr el \u00e9xito.\n          <\/div>\n        <\/div>\n\n        <div class=\"ag-faq_item\"> \n          <div class=\"js-ag-faq_title opened\">\n          <div class=\"faq__childTitle\">\n            \u00bfEst\u00e1 regulado BitGauss?            \n<span class=\"icon\">\n              <img src='\/wp-content\/themes\/twentytwentyone\/assets\/img\/faq\/arrow.svg' alt=\"FAQ\">\n            <\/span>\n            <\/div>\n          <\/div>\n\n          <div class=\"js-ag-faq_text \">\n            S\u00ed, BitGauss opera bajo una estricta supervisi\u00f3n regulatoria, lo que garantiza el cumplimiento de los est\u00e1ndares de la industria. Obtenga m\u00e1s informaci\u00f3n sobre el compromiso de BitGauss con la transparencia, la seguridad y el cumplimiento normativo.\n          <\/div>\n        <\/div>\n\n        <div class=\"ag-faq_item\">\n          <div class=\"js-ag-faq_title\">\n          <div class=\"faq__childTitle\">\n            \u00bfC\u00f3mo abro una cuenta con BitGauss?\n            <span class=\"icon\">\n              <img src='\/wp-content\/themes\/twentytwentyone\/assets\/img\/faq\/arrow.svg' alt=\"FAQ\">\n            <\/span>\n          <\/div>\n          <\/div>\n\n          <div class=\"js-ag-faq_text js-ag-hide\">\n            Explore los sencillos pasos para abrir una cuenta con BitGauss y comenzar su viaje comercial. Obtenga m\u00e1s informaci\u00f3n sobre el registro de cuentas, los procesos de verificaci\u00f3n y las opciones de financiaci\u00f3n de cuentas.\n          <\/div>\n        <\/div>\n\n        <div class=\"ag-faq_item\">\n          <div class=\"js-ag-faq_title\">\n          <div class=\"faq__childTitle\">\n            \u00bfQu\u00e9 instrumentos comerciales est\u00e1n disponibles en BitGauss?\n            <span class=\"icon\">\n              <img src='\/wp-content\/themes\/twentytwentyone\/assets\/img\/faq\/arrow.svg' alt=\"FAQ\">\n            <\/span>\n          <\/div>\n          <\/div>\n\n          <div class=\"js-ag-faq_text js-ag-hide\">\n            Descubra la amplia gama de instrumentos comerciales disponibles en BitGauss, incluidas acciones, divisas, materias primas, \u00edndices y criptomonedas. Explore la diversidad de activos y oportunidades para la diversificaci\u00f3n de la cartera.\n          <\/div>\n        <\/div>\n\n        <div class=\"ag-faq_item\">\n          <div class=\"js-ag-faq_title\">\n            <div class=\"faq__childTitle\">\n            \u00bfC\u00f3mo puedo depositar fondos en mi cuenta BitGauss?\n            <span class=\"icon\">\n              <img src='\/wp-content\/themes\/twentytwentyone\/assets\/img\/faq\/arrow.svg' alt=\"FAQ\">\n            <\/span>\n          <\/div>\n          <\/div>\n          <div class=\"js-ag-faq_text js-ag-hide\">\n            Conozca los convenientes m\u00e9todos de dep\u00f3sito que ofrece BitGauss, incluidas transferencias bancarias, tarjetas de cr\u00e9dito\/d\u00e9bito y billeteras electr\u00f3nicas. Descubra c\u00f3mo depositar fondos de forma segura y eficiente en su cuenta comercial.\n          <\/div>\n        <\/div>\n        <div class=\"ag-faq_item\">\n          <div class=\"js-ag-faq_title\">\n          <div class=\"faq__childTitle\">\n            \u00bfQu\u00e9 tipo de soporte ofrece BitGauss?\n            <span class=\"icon\">\n              <img src='\/wp-content\/themes\/twentytwentyone\/assets\/img\/faq\/arrow.svg' alt=\"FAQ\">\n            <\/span>\n          <\/div>\n          <\/div>\n\n          <div class=\"js-ag-faq_text js-ag-hide\">\n            Explore el compromiso de BitGauss con una atenci\u00f3n al cliente excepcional, disponible las 24 horas, los 7 d\u00edas de la semana a trav\u00e9s de chat en vivo, correo electr\u00f3nico y tel\u00e9fono. Descubra c\u00f3mo nuestro experto equipo de soporte garantiza una experiencia comercial fluida y satisfactoria para nuestros usuarios.\n          <\/div>\n        <\/div>\n      <\/div>\n    <\/div>\n  <\/div>\n","protected":false},"excerpt":{"rendered":"<p>Negociaci\u00f3n de acciones Invierta en empresas l\u00edderes y aproveche las oportunidades del mercado. Comercio de divisas Opere con divisas globales y aproveche las fluctuaciones del tipo de cambio. Comercio de materias primas Diversificarse con oro, petr\u00f3leo y productos agr\u00edcolas. \u00cdndices burs\u00e1tiles Realice un seguimiento del rendimiento del mercado con \u00edndices burs\u00e1tiles. Comercio de criptomonedas Explora&hellip; <a class=\"more-link\" href=\"https:\/\/bitgauss.com\/es\/\">Seguir leyendo <span class=\"screen-reader-text\">Homepage<\/span><\/a><\/p>\n","protected":false},"author":1,"featured_media":0,"parent":0,"menu_order":0,"comment_status":"closed","ping_status":"closed","template":"homepage.php","meta":{"_acf_changed":false,"footnotes":""},"acf":{"herotext":"La opci\u00f3n comercial de confianza.","herosub":""},"_links":{"self":[{"href":"https:\/\/bitgauss.com\/es\/wp-json\/wp\/v2\/pages\/74"}],"collection":[{"href":"https:\/\/bitgauss.com\/es\/wp-json\/wp\/v2\/pages"}],"about":[{"href":"https:\/\/bitgauss.com\/es\/wp-json\/wp\/v2\/types\/page"}],"author":[{"embeddable":true,"href":"https:\/\/bitgauss.com\/es\/wp-json\/wp\/v2\/users\/1"}],"replies":[{"embeddable":true,"href":"https:\/\/bitgauss.com\/es\/wp-json\/wp\/v2\/comments?post=74"}],"version-history":[{"count":2,"href":"https:\/\/bitgauss.com\/es\/wp-json\/wp\/v2\/pages\/74\/revisions"}],"predecessor-version":[{"id":753,"href":"https:\/\/bitgauss.com\/es\/wp-json\/wp\/v2\/pages\/74\/revisions\/753"}],"wp:attachment":[{"href":"https:\/\/bitgauss.com\/es\/wp-json\/wp\/v2\/media?parent=74"}],"curies":[{"name":"wp","href":"https:\/\/api.w.org\/{rel}","templated":true}]}}