{"id":715,"date":"2024-04-08T12:53:14","date_gmt":"2024-04-08T12:53:14","guid":{"rendered":"https:\/\/bitgauss.com\/bedingungen-der-dienstleistung\/"},"modified":"2024-04-08T14:16:49","modified_gmt":"2024-04-08T14:16:49","slug":"bedingungen-der-dienstleistung","status":"publish","type":"page","link":"https:\/\/bitgauss.com\/de\/bedingungen-der-dienstleistung\/","title":{"rendered":"Bedingungen der Dienstleistung"},"content":{"rendered":"\n<p><strong>ABSCHNITT 17 DIESES DOKUMENTS VERLANGT EIN SCHIEDSVERFAHREN AUF INDIVIDUELLER BASIS. DIESER ABSCHNITT ENTH\u00c4LT EINEN WICHTIGEN HINWEIS. BITTE LESEN SIE IHN SORGF\u00c4LTIG.<\/strong><\/p>\n\n<p style=\"font-size:14px\"><strong>Wirksam: 22. Dezember 2023<\/strong><\/p>\n\n<p>Die betreffende Partei wird im Folgenden als &#8222;<strong>Bitgauss<\/strong>&#8220; bezeichnet.<\/p>\n\n<p>Die Partei bietet bestimmten Nutzern der Website (im Folgenden als &#8222;<strong>Sie&#8220;,<\/strong>&#8222;<strong>Ihr&#8220;<\/strong> oder &#8222;<strong>Nutzer<\/strong>&#8220; bezeichnet) die M\u00f6glichkeit, mit anderen Nutzern gem\u00e4\u00df diesen Nutzungsbedingungen (die &#8222;<strong>Bedingungen<\/strong>&#8222;) mit digitalen Verm\u00f6genswerten zu handeln. Durch den Besuch oder Zugriff auf die Website erkl\u00e4ren Sie, dass Sie diese Bedingungen sowie unsere auf der Website ver\u00f6ffentlichten Datenschutzrichtlinien gelesen und akzeptiert haben. Sie erkl\u00e4ren sich ferner damit einverstanden, dass diese Bedingungen f\u00fcr alle Konten auf unserer Website gelten, die Sie er\u00f6ffnen, deren Vertreter Sie sind oder f\u00fcr die Sie zeichnungsberechtigt sind (Ihre &#8222;<strong>Konten<\/strong>&#8222;). Wenn Sie auf die Schaltfl\u00e4che &#8222;Konto erstellen&#8220; klicken oder die Website besuchen, k\u00f6nnen wir Ihnen \u00fcber verschiedene Software, API (Application Program Interface), Technologien, Produkte und\/oder Funktionalit\u00e4ten (gemeinsam oder einzeln als &#8222;<strong>Service(s<\/strong>)&#8220; bezeichnet) Zugang zu unserer Handelsplattform f\u00fcr digitale Verm\u00f6genswerte gew\u00e4hren.<\/p>\n\n<p>Wenn Sie mit diesen Bedingungen nicht einverstanden sind, ist es Ihnen nicht gestattet, auf die Dienste zuzugreifen oder diese zu nutzen, und Sie m\u00fcssen die Website unverz\u00fcglich verlassen. Die Vertragspartei beh\u00e4lt sich das Recht vor, die in diesen Bedingungen enthaltenen Bestimmungen und Bedingungen, einschlie\u00dflich, aber nicht beschr\u00e4nkt auf alle Richtlinien oder Leitlinien der Plattform, die Teil dieser Bedingungen sind, jederzeit und nach eigenem Ermessen zu \u00e4ndern, zu modifizieren oder anderweitig zu aktualisieren (die &#8222;<strong>aktualisierten Bedingungen<\/strong>&#8222;). Die aktualisierten Bedingungen treten mit der tats\u00e4chlichen, konstruktiven oder auf Anfrage erfolgten Benachrichtigung in Kraft (das &#8222;<strong>Benachrichtigungsdatum<\/strong>&#8222;). Wir k\u00f6nnen die aktualisierten Bedingungen durch Ver\u00f6ffentlichung auf der Website, durch \u00c4nderung des Datums der letzten Aktualisierung&#8220; oben in den Bedingungen, durch ein Pop-up-Fenster oder eine E-Mail-Mitteilung und\/oder auf jede andere von uns als notwendig erachtete Weise bekannt geben. Sie erkl\u00e4ren sich damit einverstanden, dass wir Ihnen oder Dritten gegen\u00fcber nicht f\u00fcr Verluste haften, die sich aus einer \u00c4nderung oder Erg\u00e4nzung dieser Bedingungen ergeben.<\/p>\n\n<p>Wenn Sie nicht damit einverstanden sind, an die aktualisierten Bedingungen gebunden zu sein, besteht Ihr einziges und ausschlie\u00dfliches Rechtsmittel darin, Ihr Konto innerhalb von 30 Tagen nach dem K\u00fcndigungsdatum zu schlie\u00dfen, und Ihr Zugang oder Ihre Nutzung des\/der Dienstes\/Dienste wird nur in dem Umfang gestattet, der zur sofortigen Schlie\u00dfung Ihres Kontos erforderlich ist. Sie erkennen an, dass Sie Ihr Konto schlie\u00dfen k\u00f6nnen, ohne Trades oder Transaktionen mit dem\/den Service(s) durchzuf\u00fchren, und dass derartige Handlungen nicht notwendig sind, um Ihr Konto zu schlie\u00dfen. Wenn Sie die Website oder den\/die Service(s) nach dieser 30-t\u00e4gigen Frist nicht k\u00fcndigen oder weiter nutzen, bedeutet dies, dass Sie die aktualisierten Bedingungen ab dem K\u00fcndigungsdatum akzeptieren.<\/p>\n\n<p>Diese Bedingungen und alle hierin ausdr\u00fccklich aufgenommenen Bedingungen gelten f\u00fcr Ihren Zugang zu und Ihre Nutzung der von uns bereitgestellten Dienste(n). Diese Bedingungen \u00e4ndern in keiner Weise die Bedingungen anderer gegenseitiger Vereinbarungen, die Sie m\u00f6glicherweise mit einer der Parteien f\u00fcr Produkte, Dienstleistungen oder anderweitig getroffen haben.<\/p>\n\n<p>Wir empfehlen Ihnen, die Bedingungen gr\u00fcndlich durchzulesen, um sicherzustellen, dass Sie die Bedingungen verstehen, die f\u00fcr Ihren Zugang zu und Ihre Nutzung der Website und der Dienste gelten. Wenn Sie Fragen zur Nutzung der Website oder der Dienste haben, wenden Sie sich bitte an <a href=\"mailto:support@bitgauss.com\">support@bitgauss.com.<\/a><\/p>\n\n<h2 class=\"wp-block-heading\" id=\"strong-1-general-services-terms-strong\"><strong>1. GENERAL SERVICES TERMS<\/strong><\/h2>\n\n<p>1.1 <strong>Handelsdienstleistungen<\/strong>: Wir bieten Online-Handelskontodienstleistungen f\u00fcr digitale Verm\u00f6genswerte und eine Plattform f\u00fcr den Spot-Handel mit digitalen Verm\u00f6genswerten (in den USA auch als &#8222;konvertierbare virtuelle W\u00e4hrung&#8220;, in Malta als &#8222;virtuelle Finanzanlagen&#8220;, in Hongkong als &#8222;virtuelle Rohstoffe&#8220;, in Singapur als &#8222;digitales Zahlungsmittel&#8220; oder gelegentlich auch als &#8222;Kryptow\u00e4hrung&#8220;, &#8222;kryptografische Token&#8220;, &#8222;digitale Token&#8220; oder &#8222;kryptografische W\u00e4hrung&#8220; bezeichnet) an und k\u00f6nnen Margin-Kredite erleichtern, sofern diese verf\u00fcgbar und in der jeweiligen Rechtsordnung zul\u00e4ssig sind. Sofern in Abschnitt 1.8 oder in anderen produktspezifischen Dienstleistungsbedingungen, die auf der Website ver\u00f6ffentlicht sind, nichts anderes vorgesehen ist, kaufen oder verkaufen Sie keine digitalen Verm\u00f6genswerte von oder an Okcoin, wenn Sie diese auf Okcoin kaufen oder verkaufen. Die Hauptaufgabe von Okcoin besteht darin, als B\u00f6rse zu fungieren, die den Handel mit digitalen Verm\u00f6genswerten durch den Abgleich von Auftr\u00e4gen zwischen Nutzern erleichtert. Sie m\u00fcssen ein Konto er\u00f6ffnen und digitale Verm\u00f6genswerte oder Fiat-W\u00e4hrungen von einem externen Konto \u00fcberweisen, \u00fcber das Sie die autorisierte Kontrolle haben, bevor Sie mit dem Handel beginnen k\u00f6nnen.<\/p>\n","protected":false},"excerpt":{"rendered":"<p>ABSCHNITT 17 DIESES DOKUMENTS VERLANGT EIN SCHIEDSVERFAHREN AUF INDIVIDUELLER BASIS. DIESER ABSCHNITT ENTH\u00c4LT EINEN WICHTIGEN HINWEIS. BITTE LESEN SIE IHN SORGF\u00c4LTIG. Wirksam: 22. Dezember 2023 Die betreffende Partei wird im Folgenden als &#8222;Bitgauss&#8220; bezeichnet. Die Partei bietet bestimmten Nutzern der Website (im Folgenden als &#8222;Sie&#8220;,&#8222;Ihr&#8220; oder &#8222;Nutzer&#8220; bezeichnet) die M\u00f6glichkeit, mit anderen Nutzern gem\u00e4\u00df diesen&hellip; <a class=\"more-link\" href=\"https:\/\/bitgauss.com\/de\/bedingungen-der-dienstleistung\/\"><span class=\"screen-reader-text\">Bedingungen der Dienstleistung<\/span> weiterlesen<\/a><\/p>\n","protected":false},"author":1,"featured_media":0,"parent":0,"menu_order":0,"comment_status":"closed","ping_status":"closed","template":"text-page.php","meta":{"_acf_changed":false,"footnotes":""},"acf":[],"_links":{"self":[{"href":"https:\/\/bitgauss.com\/de\/wp-json\/wp\/v2\/pages\/715"}],"collection":[{"href":"https:\/\/bitgauss.com\/de\/wp-json\/wp\/v2\/pages"}],"about":[{"href":"https:\/\/bitgauss.com\/de\/wp-json\/wp\/v2\/types\/page"}],"author":[{"embeddable":true,"href":"https:\/\/bitgauss.com\/de\/wp-json\/wp\/v2\/users\/1"}],"replies":[{"embeddable":true,"href":"https:\/\/bitgauss.com\/de\/wp-json\/wp\/v2\/comments?post=715"}],"version-history":[{"count":3,"href":"https:\/\/bitgauss.com\/de\/wp-json\/wp\/v2\/pages\/715\/revisions"}],"predecessor-version":[{"id":728,"href":"https:\/\/bitgauss.com\/de\/wp-json\/wp\/v2\/pages\/715\/revisions\/728"}],"wp:attachment":[{"href":"https:\/\/bitgauss.com\/de\/wp-json\/wp\/v2\/media?parent=715"}],"curies":[{"name":"wp","href":"https:\/\/api.w.org\/{rel}","templated":true}]}}