{"id":131,"date":"2024-02-16T16:53:59","date_gmt":"2024-02-16T16:53:59","guid":{"rendered":"https:\/\/bitgauss.com\/?page_id=131"},"modified":"2024-04-19T10:58:03","modified_gmt":"2024-04-19T10:58:03","slug":"homepage","status":"publish","type":"page","link":"https:\/\/bitgauss.com\/de\/","title":{"rendered":"Homepage"},"content":{"rendered":"\n<div class='trade__list'>\n      <ul>\n        <li class=\"trade__item\">\n          <div class=\"trade__itm\">\n          <div>\n            <img src='\/wp-content\/themes\/twentytwentyone\/assets\/img\/trading\/stock_trading.svg' \/>\n          <\/div>\n          <div><h3 id=\"aktienhandel\"> Aktienhandel <\/h3> <p> Investieren Sie in f\u00fchrende Unternehmen und nutzen Sie Marktchancen.<\/p><\/div>\n          <\/div>\n        <\/li>\n        <li class=\"trade__item\">\n          <div class=\"trade__itm\">\n          <div>\n            <img src='\/wp-content\/themes\/twentytwentyone\/assets\/img\/trading\/forexs.svg' \/>\n          <\/div>\n          <div><h3 id=\"forex-handel\"> Forex-Handel <\/h3> <p> Handeln Sie mit globalen W\u00e4hrungen und profitieren Sie von Wechselkursschwankungen.<\/p><\/div>\n          <\/div>\n        <\/li>\n        <li class=\"trade__item\">\n          <div class=\"trade__itm\">\n          <div>\n            <img src='\/wp-content\/themes\/twentytwentyone\/assets\/img\/trading\/commodities.svg' \/>\n          <\/div>\n          <div><h3 id=\"rohstoffhandel\"> Rohstoffhandel <\/h3> <p> Diversifizieren Sie mit Gold, \u00d6l und landwirtschaftlichen Produkten.<\/p><\/div>\n          <\/div>\n        <\/li>\n        <li class=\"trade__item\">\n          <div class=\"trade__itm\">\n          <div>\n            <img src='\/wp-content\/themes\/twentytwentyone\/assets\/img\/trading\/stocks.svg' \/>\n          <\/div>\n          <div><h3 id=\"aktienindizes\"> Aktienindizes <\/h3> <p> Verfolgen Sie die Marktentwicklung mit Aktienindizes.<\/p><\/div>\n          <\/div>\n        <\/li>\n        <li class=\"trade__item\">\n          <div class=\"trade__itm\">\n          <div>\n            <img src='\/wp-content\/themes\/twentytwentyone\/assets\/img\/trading\/crypto.svg' \/>\n          <\/div>\n          <div><h3 id=\"kryptohandel\"> Kryptohandel <\/h3> <p> Entdecken Sie Kryptow\u00e4hrungen wie Bitcoin und Ethereum.<\/p><\/div>\n          <\/div>\n        <\/li>\n        <li class=\"trade__item\">\n         <div class='trade__itm'>\n          <div>\n              <img src='\/wp-content\/themes\/twentytwentyone\/assets\/img\/trading\/bonds.svg' \/>\n            <\/div>\n            <div><h3 id=\"anleihenhandel\"> Anleihenhandel <\/h3> <p> Investieren Sie in Anleihen, um stabile Renditen zu erzielen.<\/p><\/div>\n         <\/div>\n        <\/li>\n      <\/ul>\n      <div class='btn_wrap'>\n        <button class=\"regBtn\">\n          Beginnen Sie jetzt mit dem Handel\n        <\/button>\n      <\/div>\n    <\/div>\n\n\n\n<div class=\"cc_medium faq__list\">\n    <div class=\"ag-format-container\">\n      <div class=\"ag-faq_list\">\n        <div class=\"ag-faq_item\">\n          <div class=\"js-ag-faq_title \">\n            <div class=\"faq__childTitle\">\n              Was ist BitGauss?              <span class=\"icon\">\n                <img src='\/wp-content\/themes\/twentytwentyone\/assets\/img\/faq\/arrow.svg' alt=\"FAQ\">\n              <\/span>\n            <\/div>\n          <\/div>\n\n          <div class=\"js-ag-faq_text js-ag-hide\">\n          Entdecken Sie BitGauss, eine f\u00fchrende Online-Handelsplattform, die Zugang zu einer breiten Palette von Finanzinstrumenten bietet, darunter Aktien, Devisen, Rohstoffe, Indizes und Kryptow\u00e4hrungen. Erfahren Sie, wie BitGauss H\u00e4ndler mit innovativen Tools und Ressourcen f\u00fcr den Erfolg unterst\u00fctzt.\n          <\/div>\n        <\/div>\n\n        <div class=\"ag-faq_item\"> \n          <div class=\"js-ag-faq_title opened\">\n          <div class=\"faq__childTitle\">\n            Ist BitGauss reguliert?\n            <span class=\"icon\">\n              <img src='\/wp-content\/themes\/twentytwentyone\/assets\/img\/faq\/arrow.svg' alt=\"FAQ\">\n            <\/span>\n            <\/div>\n          <\/div>\n\n          <div class=\"js-ag-faq_text \">\n            Ja, BitGauss unterliegt einer strengen beh\u00f6rdlichen Aufsicht und stellt die Einhaltung von Industriestandards sicher. Erfahren Sie mehr \u00fcber das Engagement von BitGauss f\u00fcr Transparenz, Sicherheit und Einhaltung gesetzlicher Vorschriften.\n          <\/div>\n        <\/div>\n\n        <div class=\"ag-faq_item\">\n          <div class=\"js-ag-faq_title\">\n          <div class=\"faq__childTitle\">\n            Wie er\u00f6ffne ich ein Konto bei BitGauss?\n            <span class=\"icon\">\n              <img src='\/wp-content\/themes\/twentytwentyone\/assets\/img\/faq\/arrow.svg' alt=\"FAQ\">\n            <\/span>\n          <\/div>\n          <\/div>\n\n          <div class=\"js-ag-faq_text js-ag-hide\">\n            Entdecken Sie die einfachen Schritte zur Er\u00f6ffnung eines Kontos bei BitGauss und beginnen Sie Ihre Handelsreise. Erfahren Sie mehr \u00fcber die Kontoregistrierung, Verifizierungsprozesse und Kontofinanzierungsoptionen.\n          <\/div>\n        <\/div>\n\n        <div class=\"ag-faq_item\">\n          <div class=\"js-ag-faq_title\">\n          <div class=\"faq__childTitle\">\n            Welche Handelsinstrumente sind auf BitGauss verf\u00fcgbar?\n            <span class=\"icon\">\n              <img src='\/wp-content\/themes\/twentytwentyone\/assets\/img\/faq\/arrow.svg' alt=\"FAQ\">\n            <\/span>\n          <\/div>\n          <\/div>\n\n          <div class=\"js-ag-faq_text js-ag-hide\">\n            Entdecken Sie das umfangreiche Angebot an Handelsinstrumenten auf BitGauss, darunter Aktien, Devisen, Rohstoffe, Indizes und Kryptow\u00e4hrungen. Entdecken Sie die Vielfalt der Verm\u00f6genswerte und M\u00f6glichkeiten zur Portfoliodiversifizierung.\n          <\/div>\n        <\/div>\n\n        <div class=\"ag-faq_item\">\n          <div class=\"js-ag-faq_title\">\n            <div class=\"faq__childTitle\">\n            Wie kann ich Geld auf mein BitGauss-Konto einzahlen?\n            <span class=\"icon\">\n              <img src='\/wp-content\/themes\/twentytwentyone\/assets\/img\/faq\/arrow.svg' alt=\"FAQ\">\n            <\/span>\n          <\/div>\n          <\/div>\n          <div class=\"js-ag-faq_text js-ag-hide\">\n            Erfahren Sie mehr \u00fcber die praktischen Einzahlungsmethoden von BitGauss, einschlie\u00dflich Bank\u00fcberweisungen, Kredit-\/Debitkarten und elektronische Geldb\u00f6rsen. Erfahren Sie, wie Sie Geld sicher und effizient auf Ihr Handelskonto einzahlen k\u00f6nnen.\n          <\/div>\n        <\/div>\n        <div class=\"ag-faq_item\">\n          <div class=\"js-ag-faq_title\">\n          <div class=\"faq__childTitle\">\n            Welche Art von Support bietet BitGauss?\n            <span class=\"icon\">\n              <img src='\/wp-content\/themes\/twentytwentyone\/assets\/img\/faq\/arrow.svg' alt=\"FAQ\">\n            <\/span>\n          <\/div>\n          <\/div>\n\n          <div class=\"js-ag-faq_text js-ag-hide\">\n            Entdecken Sie das Engagement von BitGauss f\u00fcr au\u00dfergew\u00f6hnlichen Kundensupport, der rund um die Uhr per Live-Chat, E-Mail und Telefon verf\u00fcgbar ist. Entdecken Sie, wie unser kompetentes Support-Team unseren Benutzern ein nahtloses und zufriedenstellendes Handelserlebnis gew\u00e4hrleistet.\n          <\/div>\n        <\/div>\n      <\/div>\n    <\/div>\n  <\/div>\n","protected":false},"excerpt":{"rendered":"<p>Aktienhandel Investieren Sie in f\u00fchrende Unternehmen und nutzen Sie Marktchancen. Forex-Handel Handeln Sie mit globalen W\u00e4hrungen und profitieren Sie von Wechselkursschwankungen. Rohstoffhandel Diversifizieren Sie mit Gold, \u00d6l und landwirtschaftlichen Produkten. Aktienindizes Verfolgen Sie die Marktentwicklung mit Aktienindizes. Kryptohandel Entdecken Sie Kryptow\u00e4hrungen wie Bitcoin und Ethereum. Anleihenhandel Investieren Sie in Anleihen, um stabile Renditen zu erzielen.&hellip; <a class=\"more-link\" href=\"https:\/\/bitgauss.com\/de\/\"><span class=\"screen-reader-text\">Homepage<\/span> weiterlesen<\/a><\/p>\n","protected":false},"author":1,"featured_media":0,"parent":0,"menu_order":0,"comment_status":"closed","ping_status":"closed","template":"homepage.php","meta":{"_acf_changed":false,"footnotes":""},"acf":{"herotext":"Die vertrauensw\u00fcrdige Handelsoption.","herosub":""},"_links":{"self":[{"href":"https:\/\/bitgauss.com\/de\/wp-json\/wp\/v2\/pages\/131"}],"collection":[{"href":"https:\/\/bitgauss.com\/de\/wp-json\/wp\/v2\/pages"}],"about":[{"href":"https:\/\/bitgauss.com\/de\/wp-json\/wp\/v2\/types\/page"}],"author":[{"embeddable":true,"href":"https:\/\/bitgauss.com\/de\/wp-json\/wp\/v2\/users\/1"}],"replies":[{"embeddable":true,"href":"https:\/\/bitgauss.com\/de\/wp-json\/wp\/v2\/comments?post=131"}],"version-history":[{"count":2,"href":"https:\/\/bitgauss.com\/de\/wp-json\/wp\/v2\/pages\/131\/revisions"}],"predecessor-version":[{"id":759,"href":"https:\/\/bitgauss.com\/de\/wp-json\/wp\/v2\/pages\/131\/revisions\/759"}],"wp:attachment":[{"href":"https:\/\/bitgauss.com\/de\/wp-json\/wp\/v2\/media?parent=131"}],"curies":[{"name":"wp","href":"https:\/\/api.w.org\/{rel}","templated":true}]}}